{"id":697,"date":"2024-12-20T11:09:45","date_gmt":"2024-12-20T10:09:45","guid":{"rendered":"https:\/\/www.loshuevosdepaco.com\/?page_id=697"},"modified":"2024-12-20T11:11:09","modified_gmt":"2024-12-20T10:11:09","slug":"financiado-por-la-union-europea-next-generation-eu","status":"publish","type":"page","link":"https:\/\/www.loshuevosdepaco.com\/en\/financiado-por-la-union-europea-next-generation-eu\/","title":{"rendered":"Financiado por la Uni\u00f3n Europea Next Generation eu"},"content":{"rendered":"<div  class='flex_column av-av_one_full-7714eba142aeda1f8b5272a3c372b279 av_one_full  avia-builder-el-0  el_before_av_one_full  avia-builder-el-first  first flex_column_div'     ><section  class='av_textblock_section av-m4wl8eca-c400965f659ded85c7f3dd4d1fefc1ae'   itemscope=\"itemscope\" itemtype=\"https:\/\/schema.org\/CreativeWork\" ><div class='avia_textblock'  itemprop=\"text\" ><p>\u00abFinanciado por la Uni\u00f3n Europea \u2013 Next Generation EU. Sin embargo, los puntos de vista y las opiniones expresadas son \u00fanicamente los del autor o autores y no reflejan necesariamente los de la Uni\u00f3n Europea o la Comisi\u00f3n Europea. Ni la Uni\u00f3n Europea ni la Comisi\u00f3n Europea pueden ser\u00a0 consideradas responsables de las mismas\u00bb<\/p>\n<\/div><\/section><\/div><div  class='flex_column av-av_one_full-7714eba142aeda1f8b5272a3c372b279 av_one_full  avia-builder-el-2  el_after_av_one_full  avia-builder-el-last  first flex_column_div  column-top-margin'     ><style type=\"text\/css\" data-created_by=\"avia_inline_auto\" id=\"style-css-av-m4wl9mho-9cf4ad0bd858d4dfa33fb73f6d41f399\">\n.avia-image-container.av-m4wl9mho-9cf4ad0bd858d4dfa33fb73f6d41f399 img.avia_image{\nbox-shadow:none;\n}\n.avia-image-container.av-m4wl9mho-9cf4ad0bd858d4dfa33fb73f6d41f399 .av-image-caption-overlay-center{\ncolor:#ffffff;\n}\n<\/style>\n<div  class='avia-image-container av-m4wl9mho-9cf4ad0bd858d4dfa33fb73f6d41f399 av-styling- avia-align-center  avia-builder-el-3  avia-builder-el-no-sibling'   itemprop=\"image\" itemscope=\"itemscope\" itemtype=\"https:\/\/schema.org\/ImageObject\" ><div class=\"avia-image-container-inner\"><div class=\"avia-image-overlay-wrap\"><img decoding=\"async\" fetchpriority=\"high\" class='wp-image-698 avia-img-lazy-loading-not-698 avia_image' src=\"https:\/\/www.loshuevosdepaco.com\/wp-content\/uploads\/2024\/12\/CONBANDERA_KITDIGITAL-scaled-1-1030x96.jpg\" alt='' title='CONBANDERA_KITDIGITAL-scaled'  height=\"96\" width=\"1030\"  itemprop=\"thumbnailUrl\" srcset=\"https:\/\/www.loshuevosdepaco.com\/wp-content\/uploads\/2024\/12\/CONBANDERA_KITDIGITAL-scaled-1-1030x96.jpg 1030w, https:\/\/www.loshuevosdepaco.com\/wp-content\/uploads\/2024\/12\/CONBANDERA_KITDIGITAL-scaled-1-300x28.jpg 300w, https:\/\/www.loshuevosdepaco.com\/wp-content\/uploads\/2024\/12\/CONBANDERA_KITDIGITAL-scaled-1-768x72.jpg 768w, https:\/\/www.loshuevosdepaco.com\/wp-content\/uploads\/2024\/12\/CONBANDERA_KITDIGITAL-scaled-1-1536x143.jpg 1536w, https:\/\/www.loshuevosdepaco.com\/wp-content\/uploads\/2024\/12\/CONBANDERA_KITDIGITAL-scaled-1-2048x191.jpg 2048w, https:\/\/www.loshuevosdepaco.com\/wp-content\/uploads\/2024\/12\/CONBANDERA_KITDIGITAL-scaled-1-18x2.jpg 18w, https:\/\/www.loshuevosdepaco.com\/wp-content\/uploads\/2024\/12\/CONBANDERA_KITDIGITAL-scaled-1-1500x140.jpg 1500w, https:\/\/www.loshuevosdepaco.com\/wp-content\/uploads\/2024\/12\/CONBANDERA_KITDIGITAL-scaled-1-705x66.jpg 705w\" sizes=\"(max-width: 1030px) 100vw, 1030px\" \/><\/div><\/div><\/div><\/div><\/p>","protected":false},"excerpt":{"rendered":"","protected":false},"author":1,"featured_media":0,"parent":0,"menu_order":0,"comment_status":"closed","ping_status":"closed","template":"","meta":{"_joinchat":[],"footnotes":""},"class_list":["post-697","page","type-page","status-publish","hentry"],"yoast_head":"<!-- This site is optimized with the Yoast SEO plugin v27.1.1 - https:\/\/yoast.com\/product\/yoast-seo-wordpress\/ -->\n<title>Financiado por la Uni\u00f3n Europea Next Generation eu - Los Huevos de Paco<\/title>\n<meta name=\"robots\" content=\"index, follow, max-snippet:-1, max-image-preview:large, max-video-preview:-1\" \/>\n<link rel=\"canonical\" href=\"https:\/\/www.loshuevosdepaco.com\/en\/financiado-por-la-union-europea-next-generation-eu\/\" \/>\n<meta property=\"og:locale\" content=\"en_US\" \/>\n<meta property=\"og:type\" content=\"article\" \/>\n<meta property=\"og:title\" content=\"Financiado por la Uni\u00f3n Europea Next Generation eu - Los Huevos de Paco\" \/>\n<meta property=\"og:url\" content=\"https:\/\/www.loshuevosdepaco.com\/en\/financiado-por-la-union-europea-next-generation-eu\/\" \/>\n<meta property=\"og:site_name\" content=\"Los Huevos de Paco\" \/>\n<meta property=\"article:modified_time\" content=\"2024-12-20T10:11:09+00:00\" \/>\n<meta name=\"twitter:card\" content=\"summary_large_image\" \/>\n<meta name=\"twitter:label1\" content=\"Est. reading time\" \/>\n\t<meta name=\"twitter:data1\" content=\"1 minute\" \/>\n<script type=\"application\/ld+json\" class=\"yoast-schema-graph\">{\"@context\":\"https:\/\/schema.org\",\"@graph\":[{\"@type\":\"WebPage\",\"@id\":\"https:\/\/www.loshuevosdepaco.com\/financiado-por-la-union-europea-next-generation-eu\/\",\"url\":\"https:\/\/www.loshuevosdepaco.com\/financiado-por-la-union-europea-next-generation-eu\/\",\"name\":\"Financiado por la Uni\u00f3n Europea Next Generation eu - Los Huevos de Paco\",\"isPartOf\":{\"@id\":\"https:\/\/www.loshuevosdepaco.com\/#website\"},\"datePublished\":\"2024-12-20T10:09:45+00:00\",\"dateModified\":\"2024-12-20T10:11:09+00:00\",\"breadcrumb\":{\"@id\":\"https:\/\/www.loshuevosdepaco.com\/financiado-por-la-union-europea-next-generation-eu\/#breadcrumb\"},\"inLanguage\":\"en-US\",\"potentialAction\":[{\"@type\":\"ReadAction\",\"target\":[\"https:\/\/www.loshuevosdepaco.com\/financiado-por-la-union-europea-next-generation-eu\/\"]}]},{\"@type\":\"BreadcrumbList\",\"@id\":\"https:\/\/www.loshuevosdepaco.com\/financiado-por-la-union-europea-next-generation-eu\/#breadcrumb\",\"itemListElement\":[{\"@type\":\"ListItem\",\"position\":1,\"name\":\"Portada\",\"item\":\"https:\/\/www.loshuevosdepaco.com\/principal\/\"},{\"@type\":\"ListItem\",\"position\":2,\"name\":\"Financiado por la Uni\u00f3n Europea Next Generation eu\"}]},{\"@type\":\"WebSite\",\"@id\":\"https:\/\/www.loshuevosdepaco.com\/#website\",\"url\":\"https:\/\/www.loshuevosdepaco.com\/\",\"name\":\"Los Huevos de Paco\",\"description\":\"\",\"potentialAction\":[{\"@type\":\"SearchAction\",\"target\":{\"@type\":\"EntryPoint\",\"urlTemplate\":\"https:\/\/www.loshuevosdepaco.com\/?s={search_term_string}\"},\"query-input\":{\"@type\":\"PropertyValueSpecification\",\"valueRequired\":true,\"valueName\":\"search_term_string\"}}],\"inLanguage\":\"en-US\"}]}<\/script>\n<!-- \/ Yoast SEO plugin. -->","yoast_head_json":{"title":"Financiado por la Uni\u00f3n Europea Next Generation eu - Los Huevos de Paco","robots":{"index":"index","follow":"follow","max-snippet":"max-snippet:-1","max-image-preview":"max-image-preview:large","max-video-preview":"max-video-preview:-1"},"canonical":"https:\/\/www.loshuevosdepaco.com\/en\/financiado-por-la-union-europea-next-generation-eu\/","og_locale":"en_US","og_type":"article","og_title":"Financiado por la Uni\u00f3n Europea Next Generation eu - Los Huevos de Paco","og_url":"https:\/\/www.loshuevosdepaco.com\/en\/financiado-por-la-union-europea-next-generation-eu\/","og_site_name":"Los Huevos de Paco","article_modified_time":"2024-12-20T10:11:09+00:00","twitter_card":"summary_large_image","twitter_misc":{"Est. reading time":"1 minute"},"schema":{"@context":"https:\/\/schema.org","@graph":[{"@type":"WebPage","@id":"https:\/\/www.loshuevosdepaco.com\/financiado-por-la-union-europea-next-generation-eu\/","url":"https:\/\/www.loshuevosdepaco.com\/financiado-por-la-union-europea-next-generation-eu\/","name":"Financiado por la Uni\u00f3n Europea Next Generation eu - Los Huevos de Paco","isPartOf":{"@id":"https:\/\/www.loshuevosdepaco.com\/#website"},"datePublished":"2024-12-20T10:09:45+00:00","dateModified":"2024-12-20T10:11:09+00:00","breadcrumb":{"@id":"https:\/\/www.loshuevosdepaco.com\/financiado-por-la-union-europea-next-generation-eu\/#breadcrumb"},"inLanguage":"en-US","potentialAction":[{"@type":"ReadAction","target":["https:\/\/www.loshuevosdepaco.com\/financiado-por-la-union-europea-next-generation-eu\/"]}]},{"@type":"BreadcrumbList","@id":"https:\/\/www.loshuevosdepaco.com\/financiado-por-la-union-europea-next-generation-eu\/#breadcrumb","itemListElement":[{"@type":"ListItem","position":1,"name":"Portada","item":"https:\/\/www.loshuevosdepaco.com\/principal\/"},{"@type":"ListItem","position":2,"name":"Financiado por la Uni\u00f3n Europea Next Generation eu"}]},{"@type":"WebSite","@id":"https:\/\/www.loshuevosdepaco.com\/#website","url":"https:\/\/www.loshuevosdepaco.com\/","name":"Los Huevos de Paco","description":"","potentialAction":[{"@type":"SearchAction","target":{"@type":"EntryPoint","urlTemplate":"https:\/\/www.loshuevosdepaco.com\/?s={search_term_string}"},"query-input":{"@type":"PropertyValueSpecification","valueRequired":true,"valueName":"search_term_string"}}],"inLanguage":"en-US"}]}},"_links":{"self":[{"href":"https:\/\/www.loshuevosdepaco.com\/en\/wp-json\/wp\/v2\/pages\/697","targetHints":{"allow":["GET"]}}],"collection":[{"href":"https:\/\/www.loshuevosdepaco.com\/en\/wp-json\/wp\/v2\/pages"}],"about":[{"href":"https:\/\/www.loshuevosdepaco.com\/en\/wp-json\/wp\/v2\/types\/page"}],"author":[{"embeddable":true,"href":"https:\/\/www.loshuevosdepaco.com\/en\/wp-json\/wp\/v2\/users\/1"}],"replies":[{"embeddable":true,"href":"https:\/\/www.loshuevosdepaco.com\/en\/wp-json\/wp\/v2\/comments?post=697"}],"version-history":[{"count":0,"href":"https:\/\/www.loshuevosdepaco.com\/en\/wp-json\/wp\/v2\/pages\/697\/revisions"}],"wp:attachment":[{"href":"https:\/\/www.loshuevosdepaco.com\/en\/wp-json\/wp\/v2\/media?parent=697"}],"curies":[{"name":"wp","href":"https:\/\/api.w.org\/{rel}","templated":true}]}}